{"id":11,"date":"2024-08-01T02:36:51","date_gmt":"2024-08-01T02:36:51","guid":{"rendered":"https:\/\/dientuhd.com\/?page_id=11"},"modified":"2024-08-01T02:36:51","modified_gmt":"2024-08-01T02:36:51","slug":"hoan-tien_tra-ve","status":"publish","type":"page","link":"https:\/\/dientuhd.com\/index.php\/hoan-tien_tra-ve\/","title":{"rendered":"Ch\u00ednh s\u00e1ch \u0111\u1ed5i tr\u1ea3 h\u00e0ng"},"content":{"rendered":"\r\n<p>Ch\u00e0o m\u1eebng b\u1ea1n \u0111\u1ebfn v\u1edbi ch\u00ednh s\u00e1ch \u0111\u1ed5i tr\u1ea3 h\u00e0ng c\u1ee7a ch\u00fang t\u00f4i! Ch\u00fang t\u00f4i ho\u00e0n to\u00e0n hi\u1ec3u r\u1eb1ng vi\u1ec7c mua s\u1eafm tr\u1ef1c tuy\u1ebfn c\u00f3 th\u1ec3 g\u1eb7p m\u1ed9t s\u1ed1 kh\u00f3 kh\u0103n, v\u00e0 ch\u00fang t\u00f4i cam k\u1ebft \u0111\u01b0a ra ch\u00ednh s\u00e1ch \u0111\u1ed5i tr\u1ea3 linh ho\u1ea1t v\u00e0 c\u00f4ng b\u1eb1ng \u0111\u1ec3 b\u1ea1n c\u00f3 tr\u1ea3i nghi\u1ec7m mua s\u1eafm t\u1ed1t nh\u1ea5t.<\/p>\r\n<p><strong>1. Ch\u00ednh s\u00e1ch \u0111\u1ed5i tr\u1ea3 h\u00e0ng:<\/strong><\/p>\r\n<ul class=\"wp-block-list\">\r\n<li>\u0110\u1ec3 \u0111\u1ea3m b\u1ea3o quy\u1ec1n l\u1ee3i c\u1ee7a b\u1ea1n, ch\u00fang t\u00f4i \u00e1p d\u1ee5ng ch\u00ednh s\u00e1ch \u0111\u1ed5i tr\u1ea3 trong v\u00f2ng 30 ng\u00e0y k\u1ec3 t\u1eeb ng\u00e0y giao h\u00e0ng. N\u1ebfu sau 30 ng\u00e0y, ch\u00fang t\u00f4i kh\u00f4ng th\u1ec3 ch\u1ea5p nh\u1eadn \u0111\u1ed5i tr\u1ea3 h\u00e0ng.<\/li>\r\n<li>S\u1ea3n ph\u1ea9m c\u1ea7n \u0111\u01b0\u1ee3c gi\u1eef trong t\u00ecnh tr\u1ea1ng ban \u0111\u1ea7u, ch\u01b0a qua s\u1eed d\u1ee5ng v\u00e0 v\u1eabn c\u00f2n \u0111\u1ea7y \u0111\u1ee7 ph\u1ee5 ki\u1ec7n, h\u1ed9p v\u00e0 nh\u00e3n m\u00e1c ban \u0111\u1ea7u. N\u1ebfu s\u1ea3n ph\u1ea9m kh\u00f4ng \u0111\u00e1p \u1ee9ng \u0111\u1ea7y \u0111\u1ee7 c\u00e1c y\u00eau c\u1ea7u n\u00e0y, ch\u00fang t\u00f4i c\u00f3 th\u1ec3 t\u1eeb ch\u1ed1i \u0111\u1ed5i tr\u1ea3 h\u00e0ng.<\/li>\r\n<\/ul>\r\n<p><strong>2. Quy tr\u00ecnh \u0111\u1ed5i tr\u1ea3 h\u00e0ng:<\/strong><\/p>\r\n<ul class=\"wp-block-list\">\r\n<li>B\u01b0\u1edbc 1: Li\u00ean h\u1ec7 v\u1edbi ch\u00fang t\u00f4i qua s\u1ed1 \u0111i\u1ec7n tho\u1ea1i hotline 0333518222 ho\u1eb7c qua email <a href=\"mailto:support@anhthodien.vn\">support@dientuhd.com<\/a>\u00a0\u0111\u1ec3 th\u00f4ng b\u00e1o v\u1ec1 vi\u1ec7c \u0111\u1ed5i tr\u1ea3 h\u00e0ng.<\/li>\r\n<li>B\u01b0\u1edbc 2: Ch\u00fang t\u00f4i s\u1ebd h\u01b0\u1edbng d\u1eabn b\u1ea1n v\u1ec1 quy tr\u00ecnh \u0111\u1ed5i tr\u1ea3 h\u00e0ng v\u00e0 cung c\u1ea5p cho b\u1ea1n th\u00f4ng tin c\u1ea7n thi\u1ebft \u0111\u1ec3 g\u1eedi s\u1ea3n ph\u1ea9m v\u1ec1 kho c\u1ee7a ch\u00fang t\u00f4i.<\/li>\r\n<li>B\u01b0\u1edbc 3: Sau khi nh\u1eadn s\u1ea3n ph\u1ea9m tr\u1ea3 v\u1ec1 v\u00e0 ki\u1ec3m tra, ch\u00fang t\u00f4i s\u1ebd ti\u1ebfn h\u00e0nh x\u1eed l\u00fd y\u00eau c\u1ea7u \u0111\u1ed5i tr\u1ea3 h\u00e0ng. Th\u1eddi gian x\u1eed l\u00fd c\u00f3 th\u1ec3 k\u00e9o d\u00e0i t\u1eeb 5-7 ng\u00e0y l\u00e0m vi\u1ec7c.<\/li>\r\n<\/ul>\r\n<p><strong>3. Ph\u00ed v\u1eadn chuy\u1ec3n \u0111\u1ed5i tr\u1ea3 h\u00e0ng:<\/strong><\/p>\r\n<ul class=\"wp-block-list\">\r\n<li>N\u1ebfu vi\u1ec7c \u0111\u1ed5i tr\u1ea3 h\u00e0ng l\u00e0 do l\u1ed7i t\u1eeb ph\u00eda ch\u00fang t\u00f4i (v\u00ed d\u1ee5: s\u1ea3n ph\u1ea9m b\u1ecb h\u1ecfng, sai h\u00e0ng\u2026), ch\u00fang t\u00f4i s\u1ebd ch\u1ecbu to\u00e0n b\u1ed9 ph\u00ed v\u1eadn chuy\u1ec3n cho vi\u1ec7c \u0111\u1ed5i tr\u1ea3 h\u00e0ng.<\/li>\r\n<li>Trong tr\u01b0\u1eddng h\u1ee3p \u0111\u1ed5i tr\u1ea3 h\u00e0ng kh\u00f4ng ph\u1ea3i do l\u1ed7i t\u1eeb ph\u00eda ch\u00fang t\u00f4i (v\u00ed d\u1ee5: do s\u1ef1 thay \u0111\u1ed5i \u00fd ki\u1ebfn ho\u1eb7c kh\u00f4ng th\u00edch s\u1ea3n ph\u1ea9m), ph\u00ed v\u1eadn chuy\u1ec3n \u0111\u1ed5i tr\u1ea3 h\u00e0ng s\u1ebd \u0111\u01b0\u1ee3c kh\u00e1ch h\u00e0ng t\u1ef1 thanh to\u00e1n.<\/li>\r\n<\/ul>\r\n<p><strong>4. \u0110\u1ed5i tr\u1ea3 h\u00e0ng kh\u00f4ng \u00e1p d\u1ee5ng cho:<\/strong><\/p>\r\n<ul class=\"wp-block-list\">\r\n<li>S\u1ea3n ph\u1ea9m \u0111\u00e3 qua s\u1eed d\u1ee5ng ho\u1eb7c kh\u00f4ng c\u00f2n trong t\u00ecnh tr\u1ea1ng ban \u0111\u1ea7u nh\u01b0 l\u00fac nh\u1eadn h\u00e0ng.<\/li>\r\n<li>S\u1ea3n ph\u1ea9m \u0111\u00e3 \u0111\u01b0\u1ee3c tu\u1ef3 ch\u1ec9nh ho\u1eb7c thi\u1ebft k\u1ebf ri\u00eang theo y\u00eau c\u1ea7u c\u1ee7a kh\u00e1ch h\u00e0ng.<\/li>\r\n<li>Ph\u1ea7n m\u1ec1m, ch\u00eca kh\u00f3a k\u1ef9 thu\u1eadt s\u1ed1 ho\u1eb7c s\u1ea3n ph\u1ea9m s\u1ed1 kh\u00f4ng th\u1ec3 \u0111\u1ed5i tr\u1ea3 do t\u00ednh ch\u1ea5t ri\u00eang c\u1ee7a ch\u00fang.<\/li>\r\n<\/ul>\r\n<p>Ch\u00fang t\u00f4i r\u1ea5t tr\u00e2n tr\u1ecdng s\u1ef1 tin t\u01b0\u1edfng v\u00e0 \u1ee7ng h\u1ed9 c\u1ee7a b\u1ea1n. Vui l\u00f2ng li\u00ean h\u1ec7 v\u1edbi ch\u00fang t\u00f4i n\u1ebfu c\u00f3 b\u1ea5t k\u1ef3 c\u00e2u h\u1ecfi ho\u1eb7c y\u00eau c\u1ea7u \u0111\u1ed5i tr\u1ea3 h\u00e0ng n\u00e0o. Ch\u00fang t\u00f4i lu\u00f4n s\u1eb5n l\u00f2ng h\u1ed7 tr\u1ee3 b\u1ea1n \u0111\u1ec3 \u0111\u1ea3m b\u1ea3o b\u1ea1n c\u00f3 tr\u1ea3i nghi\u1ec7m mua s\u1eafm th\u00fa v\u1ecb v\u00e0 h\u00e0i l\u00f2ng nh\u1ea5t.<\/p>\r\n","protected":false},"excerpt":{"rendered":"<p>Ch\u00e0o m\u1eebng b\u1ea1n \u0111\u1ebfn v\u1edbi ch\u00ednh s\u00e1ch \u0111\u1ed5i tr\u1ea3 h\u00e0ng c\u1ee7a ch\u00fang t\u00f4i! Ch\u00fang t\u00f4i ho\u00e0n to\u00e0n hi\u1ec3u r\u1eb1ng vi\u1ec7c mua s\u1eafm tr\u1ef1c tuy\u1ebfn c\u00f3 th\u1ec3 g\u1eb7p m\u1ed9t s\u1ed1 kh\u00f3 kh\u0103n, v\u00e0 ch\u00fang t\u00f4i cam k\u1ebft \u0111\u01b0a ra ch\u00ednh s\u00e1ch \u0111\u1ed5i tr\u1ea3 linh ho\u1ea1t v\u00e0 c\u00f4ng b\u1eb1ng \u0111\u1ec3 b\u1ea1n c\u00f3 tr\u1ea3i nghi\u1ec7m mua s\u1eafm t\u1ed1t [&#8230;]\n","protected":false},"author":1,"featured_media":0,"parent":0,"menu_order":0,"comment_status":"closed","ping_status":"closed","template":"","meta":{"footnotes":""},"class_list":["post-11","page","type-page","status-publish","hentry"],"jetpack_sharing_enabled":true,"_links":{"self":[{"href":"https:\/\/dientuhd.com\/index.php\/wp-json\/wp\/v2\/pages\/11","targetHints":{"allow":["GET"]}}],"collection":[{"href":"https:\/\/dientuhd.com\/index.php\/wp-json\/wp\/v2\/pages"}],"about":[{"href":"https:\/\/dientuhd.com\/index.php\/wp-json\/wp\/v2\/types\/page"}],"author":[{"embeddable":true,"href":"https:\/\/dientuhd.com\/index.php\/wp-json\/wp\/v2\/users\/1"}],"replies":[{"embeddable":true,"href":"https:\/\/dientuhd.com\/index.php\/wp-json\/wp\/v2\/comments?post=11"}],"version-history":[{"count":1,"href":"https:\/\/dientuhd.com\/index.php\/wp-json\/wp\/v2\/pages\/11\/revisions"}],"predecessor-version":[{"id":206,"href":"https:\/\/dientuhd.com\/index.php\/wp-json\/wp\/v2\/pages\/11\/revisions\/206"}],"wp:attachment":[{"href":"https:\/\/dientuhd.com\/index.php\/wp-json\/wp\/v2\/media?parent=11"}],"curies":[{"name":"wp","href":"https:\/\/api.w.org\/{rel}","templated":true}]}}