{"id":125,"date":"2024-07-31T02:04:03","date_gmt":"2024-07-31T02:04:03","guid":{"rendered":"https:\/\/dientuhd.com\/?page_id=125"},"modified":"2024-08-01T04:43:37","modified_gmt":"2024-08-01T04:43:37","slug":"gioi-thieu","status":"publish","type":"page","link":"https:\/\/dientuhd.com\/index.php\/gioi-thieu\/","title":{"rendered":"Gi\u1edbi thi\u1ec7u"},"content":{"rendered":"\t<section class=\"section\" id=\"section_1181528922\">\n\t\t<div class=\"bg section-bg fill bg-fill  bg-loaded\" >\n\n\t\t\t\n\t\t\t\n\t\t\t\n\n\t\t<\/div>\n\n\t\t\n\n\t\t<div class=\"section-content relative\">\n\t\t\t\n<div class=\"row row-collapse row-full-width align-middle\"  id=\"row-1951713226\">\n\n\t<div id=\"col-1798179154\" class=\"col medium-12 small-12 large-6\"  >\n\t\t\t\t<div class=\"col-inner\"  >\n\t\t\t\n\t\t\t\n<div class=\"row\"  id=\"row-1720829049\">\n\n\t<div id=\"col-1403080981\" class=\"col medium-12 small-12 large-10\"  >\n\t\t\t\t<div class=\"col-inner\"  >\n\t\t\t\n\t\t\t\n\t<div id=\"text-1057946170\" class=\"text\">\n\t\t\n<h2>V\u1ec1 Ch\u00fang T\u00f4i<\/h2>\n\t\t\n<style>\n#text-1057946170 {\n  font-size: 1.5rem;\n}\n<\/style>\n\t<\/div>\n\t\n<p><strong>Dientuhd.com<\/strong> &#8211; Chuy\u00ean cung c\u1ea5p linh ki\u1ec7n \u0111i\u1ec7n t\u1eed nh\u1eadp kh\u1ea9u ch\u1ea5t l\u01b0\u1ee3ng cao, cam k\u1ebft 100% \u0111\u00fang nh\u01b0 m\u00f4 t\u1ea3. V\u1edbi s\u1ee9 m\u1ec7nh mang \u0111\u1ebfn cho kh\u00e1ch h\u00e0ng nh\u1eefng s\u1ea3n ph\u1ea9m t\u1ed1t nh\u1ea5t, ch\u00fang t\u00f4i t\u1ef1 h\u00e0o v\u1ec1 s\u1ef1 uy t\u00edn v\u00e0 ch\u1ea5t l\u01b0\u1ee3ng trong t\u1eebng s\u1ea3n ph\u1ea9m. Kh\u00f4ng ch\u1ec9 v\u1eady, ch\u00fang t\u00f4i c\u00f2n cung c\u1ea5p d\u1ecbch v\u1ee5 s\u1eeda ch\u1eefa v\u00e0 b\u1ea3o h\u00e0nh tr\u1ecdn \u0111\u1eddi, \u0111\u1ea3m b\u1ea3o s\u1ef1 h\u00e0i l\u00f2ng v\u00e0 an t\u00e2m tuy\u1ec7t \u0111\u1ed1i cho kh\u00e1ch h\u00e0ng. H\u00e3y \u0111\u1ebfn v\u1edbi <strong>Dientuhd.com<\/strong> \u0111\u1ec3 tr\u1ea3i nghi\u1ec7m d\u1ecbch v\u1ee5 v\u01b0\u1ee3t tr\u1ed9i!<\/p>\n<div class=\"is-divider divider clearfix\" style=\"margin-top:1.5em;margin-bottom:1.5em;max-width:150px;background-color:rgb(194, 220, 230);\"><\/div>\n<div class=\"row row-small\"  id=\"row-115167778\">\n\n\t<div id=\"col-1326091049\" class=\"col medium-6 small-12 large-6\"  >\n\t\t\t\t<div class=\"col-inner\"  >\n\t\t\t\n\t\t\t\n\n\t\t<div class=\"icon-box featured-box icon-box-top text-left\"  >\n\t\t\t\t\t<div class=\"icon-box-img\" style=\"width: 40px\">\n\t\t\t\t<div class=\"icon\">\n\t\t\t\t\t<div class=\"icon-inner\" >\n\t\t\t\t\t\t<img loading=\"lazy\" decoding=\"async\" width=\"96\" height=\"96\" src=\"https:\/\/i0.wp.com\/dientuhd.com\/wp-content\/uploads\/2024\/08\/group-line-1.png?fit=96%2C96&amp;ssl=1\" class=\"attachment-medium size-medium\" alt=\"\" \/>\t\t\t\t\t<\/div>\n\t\t\t\t<\/div>\n\t\t\t<\/div>\n\t\t\t\t<div class=\"icon-box-text last-reset\">\n\t\t\t\t\t\t\t\t\t\n<h3>\u0110\u1ed9i ng\u0169 nh\u00e2n vi\u00ean<\/h3>\n<p><strong>Dientuhd.com<\/strong> s\u1edf h\u1eefu \u0111\u1ed9i ng\u0169nh\u00e2n vi\u00ean chuy\u00ean nghi\u1ec7p, gi\u00e0u kinh nghi\u1ec7m trong l\u0129nh v\u1ef1c \u0111i\u1ec7n t\u1eed, lu\u00f4n s\u1eb5n s\u00e0ng h\u1ed7 tr\u1ee3 kh\u00e1ch h\u00e0ng m\u1ed9t c\u00e1ch t\u1eadn t\u00e2m v\u00e0 hi\u1ec7u qu\u1ea3.<\/p>\n\t\t<\/div>\n\t<\/div>\n\t\n\t\n\t\t<\/div>\n\t\t\t\t\t<\/div>\n\n\t\n\n\t<div id=\"col-1533649955\" class=\"col medium-6 small-12 large-6\"  >\n\t\t\t\t<div class=\"col-inner\"  >\n\t\t\t\n\t\t\t\n\n\t\t<div class=\"icon-box featured-box icon-box-top text-left\"  >\n\t\t\t\t\t<div class=\"icon-box-img\" style=\"width: 40px\">\n\t\t\t\t<div class=\"icon\">\n\t\t\t\t\t<div class=\"icon-inner\" >\n\t\t\t\t\t\t<img loading=\"lazy\" decoding=\"async\" width=\"120\" height=\"120\" src=\"https:\/\/i0.wp.com\/dientuhd.com\/wp-content\/uploads\/2024\/08\/stack-line-1.png?fit=120%2C120&amp;ssl=1\" class=\"attachment-medium size-medium\" alt=\"\" srcset=\"https:\/\/i0.wp.com\/dientuhd.com\/wp-content\/uploads\/2024\/08\/stack-line-1.png?w=120&amp;ssl=1 120w, https:\/\/i0.wp.com\/dientuhd.com\/wp-content\/uploads\/2024\/08\/stack-line-1.png?resize=100%2C100&amp;ssl=1 100w\" sizes=\"auto, (max-width: 120px) 100vw, 120px\" \/>\t\t\t\t\t<\/div>\n\t\t\t\t<\/div>\n\t\t\t<\/div>\n\t\t\t\t<div class=\"icon-box-text last-reset\">\n\t\t\t\t\t\t\t\t\t\n<h3>\u0110a n\u1ec1n t\u1ea3ng<\/h3>\n<p><strong>Dientuhd.com<\/strong> chuy\u00ean l\u1eafp r\u00e1p s\u1ea3n xu\u1ea5t m\u1ea1ch \u0111i\u1ec7n t\u1eed, m\u00e1y t\u00ednh, TV, v\u00e0 cung c\u1ea5p d\u1ecbch v\u1ee5 s\u1eeda ch\u1eefa, b\u1ea3o h\u00e0nh \u0111a d\u1ea1ng c\u00e1c lo\u1ea1i thi\u1ebft b\u1ecb \u0111i\u1ec7n t\u1eed. \u0110\u1eb7c bi\u1ec7t, ch\u00fang t\u00f4i c\u00f3 d\u1ecbch v\u1ee5 s\u1eeda ch\u1eefa \u0111\u1ed3 ch\u01a1i tr\u1ebb em<\/p>\n\t\t<\/div>\n\t<\/div>\n\t\n\t\n\t\t<\/div>\n\t\t\t\t\t<\/div>\n\n\t\n<\/div>\n\t\t<\/div>\n\t\t\t\t\t<\/div>\n\n\t\n<\/div>\n\t\t<\/div>\n\t\t\t\t\n<style>\n#col-1798179154 > .col-inner {\n  padding: 30px 30px 30px 30px;\n}\n@media (min-width:850px) {\n  #col-1798179154 > .col-inner {\n    padding: 0px 0px 0px 15%;\n  }\n}\n<\/style>\n\t<\/div>\n\n\t\n\n\t<div id=\"col-790457042\" class=\"col medium-12 small-12 large-6 medium-col-first\"  >\n\t\t\t\t<div class=\"col-inner\"  >\n\t\t\t\n\t\t\t\n\n  <div class=\"banner has-hover\" id=\"banner-1725142508\">\n          <div class=\"banner-inner fill\">\n        <div class=\"banner-bg fill\" >\n            <div class=\"bg fill bg-fill \"><\/div>\n                                    \n            <div class=\"effect-sparkle bg-effect fill no-click\"><\/div>        <\/div>\n\t\t\n        <div class=\"banner-layers container\">\n            <div class=\"fill banner-link\"><\/div>            \n   <div id=\"text-box-353271799\" class=\"text-box banner-layer x50 md-x50 lg-x50 y50 md-y50 lg-y50 res-text\">\n                                <div class=\"text-box-content text dark\">\n              \n              <div class=\"text-inner text-center\">\n                  \n              <\/div>\n           <\/div>\n                            \n<style>\n#text-box-353271799 {\n  width: 60%;\n}\n#text-box-353271799 .text-box-content {\n  font-size: 100%;\n}\n<\/style>\n    <\/div>\n \n        <\/div>\n      <\/div>\n\n            \n<style>\n#banner-1725142508 {\n  padding-top: 99.99%;\n  background-color: rgba(255, 255, 255, 0);\n}\n#banner-1725142508 .bg.bg-loaded {\n  background-image: url(https:\/\/i0.wp.com\/dientuhd.com\/wp-content\/uploads\/2024\/08\/anhgioithieu.jpg?fit=960%2C538&ssl=1);\n}\n#banner-1725142508 .bg {\n  background-position: 55% 42%;\n}\n@media (min-width:550px) {\n  #banner-1725142508 {\n    padding-top: 400px;\n  }\n}\n@media (min-width:850px) {\n  #banner-1725142508 {\n    padding-top: 95%;\n  }\n}\n<\/style>\n  <\/div>\n\n\n\t\t<\/div>\n\t\t\t\t\t<\/div>\n\n\t\n<\/div>\n\t\t<\/div>\n\n\t\t\n<style>\n#section_1181528922 {\n  padding-top: 0px;\n  padding-bottom: 0px;\n}\n<\/style>\n\t<\/section>\n\t\n","protected":false},"excerpt":{"rendered":"","protected":false},"author":1,"featured_media":0,"parent":0,"menu_order":0,"comment_status":"closed","ping_status":"closed","template":"","meta":{"footnotes":""},"class_list":["post-125","page","type-page","status-publish","hentry"],"jetpack_sharing_enabled":true,"_links":{"self":[{"href":"https:\/\/dientuhd.com\/index.php\/wp-json\/wp\/v2\/pages\/125","targetHints":{"allow":["GET"]}}],"collection":[{"href":"https:\/\/dientuhd.com\/index.php\/wp-json\/wp\/v2\/pages"}],"about":[{"href":"https:\/\/dientuhd.com\/index.php\/wp-json\/wp\/v2\/types\/page"}],"author":[{"embeddable":true,"href":"https:\/\/dientuhd.com\/index.php\/wp-json\/wp\/v2\/users\/1"}],"replies":[{"embeddable":true,"href":"https:\/\/dientuhd.com\/index.php\/wp-json\/wp\/v2\/comments?post=125"}],"version-history":[{"count":3,"href":"https:\/\/dientuhd.com\/index.php\/wp-json\/wp\/v2\/pages\/125\/revisions"}],"predecessor-version":[{"id":241,"href":"https:\/\/dientuhd.com\/index.php\/wp-json\/wp\/v2\/pages\/125\/revisions\/241"}],"wp:attachment":[{"href":"https:\/\/dientuhd.com\/index.php\/wp-json\/wp\/v2\/media?parent=125"}],"curies":[{"name":"wp","href":"https:\/\/api.w.org\/{rel}","templated":true}]}}