{"id":3,"date":"2024-07-18T01:45:10","date_gmt":"2024-07-18T01:45:10","guid":{"rendered":"http:\/\/dientuhd.com\/?page_id=3"},"modified":"2024-08-01T02:38:08","modified_gmt":"2024-08-01T02:38:08","slug":"chinh-sach-bao-mat","status":"publish","type":"page","link":"https:\/\/dientuhd.com\/index.php\/chinh-sach-bao-mat\/","title":{"rendered":"Ch\u00ednh s\u00e1ch b\u1ea3o m\u1eadt"},"content":{"rendered":"\r\n<p>Ch\u00e0o m\u1eebng b\u1ea1n \u0111\u1ebfn v\u1edbi trang ch\u00ednh s\u00e1ch b\u1ea3o m\u1eadt c\u1ee7a ch\u00fang t\u00f4i! Ch\u00fang t\u00f4i cam k\u1ebft b\u1ea3o v\u1ec7 th\u00f4ng tin c\u00e1 nh\u00e2n c\u1ee7a b\u1ea1n m\u1ed9t c\u00e1ch nghi\u00eam t\u00fac v\u00e0 t\u00f4n tr\u1ecdng quy\u1ec1n ri\u00eang t\u01b0. Trang ch\u00ednh s\u00e1ch n\u00e0y s\u1ebd gi\u1ea3i th\u00edch c\u00e1ch ch\u00fang t\u00f4i thu th\u1eadp, s\u1eed d\u1ee5ng v\u00e0 b\u1ea3o v\u1ec7 th\u00f4ng tin c\u1ee7a b\u1ea1n khi b\u1ea1n truy c\u1eadp v\u00e0o trang web c\u1ee7a ch\u00fang t\u00f4i.<\/p>\r\n<p><strong>1. Th\u00f4ng tin c\u00e1 nh\u00e2n thu th\u1eadp:<\/strong><\/p>\r\n<ul class=\"wp-block-list\">\r\n<li>Ch\u00fang t\u00f4i c\u00f3 th\u1ec3 thu th\u1eadp th\u00f4ng tin c\u00e1 nh\u00e2n t\u1eeb b\u1ea1n khi b\u1ea1n \u0111\u0103ng k\u00fd t\u00e0i kho\u1ea3n, \u0111\u1eb7t h\u00e0ng, \u0111\u0103ng k\u00fd nh\u1eadn tin t\u1ee9c, ho\u1eb7c tham gia v\u00e0o c\u00e1c ch\u01b0\u01a1ng tr\u00ecnh khuy\u1ebfn m\u00e3i v\u00e0 s\u1ef1 ki\u1ec7n c\u1ee7a ch\u00fang t\u00f4i. Th\u00f4ng tin c\u00e1 nh\u00e2n c\u00f3 th\u1ec3 bao g\u1ed3m t\u00ean, \u0111\u1ecba ch\u1ec9, s\u1ed1 \u0111i\u1ec7n tho\u1ea1i, \u0111\u1ecba ch\u1ec9 email, v\u00e0 th\u00f4ng tin t\u00e0i kho\u1ea3n thanh to\u00e1n.<\/li>\r\n<li>Ngo\u00e0i ra, ch\u00fang t\u00f4i c\u00f3 th\u1ec3 thu th\u1eadp th\u00f4ng tin kh\u00f4ng c\u00e1 nh\u00e2n khi b\u1ea1n truy c\u1eadp v\u00e0o trang web c\u1ee7a ch\u00fang t\u00f4i, bao g\u1ed3m \u0111\u1ecba ch\u1ec9 IP, tr\u00ecnh duy\u1ec7t s\u1eed d\u1ee5ng, th\u1eddi gian truy c\u1eadp v\u00e0 c\u00e1c trang b\u1ea1n \u0111\u00e3 xem.<\/li>\r\n<\/ul>\r\n<p><strong>2. M\u1ee5c \u0111\u00edch s\u1eed d\u1ee5ng th\u00f4ng tin:<\/strong><\/p>\r\n<ul class=\"wp-block-list\">\r\n<li>Th\u00f4ng tin c\u00e1 nh\u00e2n thu th\u1eadp t\u1eeb b\u1ea1n c\u00f3 th\u1ec3 \u0111\u01b0\u1ee3c s\u1eed d\u1ee5ng \u0111\u1ec3 x\u1eed l\u00fd \u0111\u01a1n h\u00e0ng, cung c\u1ea5p d\u1ecbch v\u1ee5 h\u1ed7 tr\u1ee3 kh\u00e1ch h\u00e0ng, g\u1eedi th\u00f4ng tin li\u00ean quan \u0111\u1ebfn \u0111\u01a1n h\u00e0ng v\u00e0 th\u00f4ng b\u00e1o v\u1ec1 c\u00e1c ch\u01b0\u01a1ng tr\u00ecnh khuy\u1ebfn m\u00e3i v\u00e0 s\u1ef1 ki\u1ec7n.<\/li>\r\n<li>Th\u00f4ng tin kh\u00f4ng c\u00e1 nh\u00e2n c\u00f3 th\u1ec3 \u0111\u01b0\u1ee3c s\u1eed d\u1ee5ng \u0111\u1ec3 ph\u00e2n t\u00edch v\u00e0 c\u1ea3i thi\u1ec7n trang web c\u1ee7a ch\u00fang t\u00f4i, cung c\u1ea5p tr\u1ea3i nghi\u1ec7m ng\u01b0\u1eddi d\u00f9ng t\u1ed1t h\u01a1n v\u00e0 t\u00f9y ch\u1ec9nh n\u1ed9i dung theo s\u1edf th\u00edch c\u1ee7a b\u1ea1n.<\/li>\r\n<\/ul>\r\n<p><strong>3. B\u1ea3o m\u1eadt th\u00f4ng tin:<\/strong><\/p>\r\n<ul class=\"wp-block-list\">\r\n<li>Ch\u00fang t\u00f4i cam k\u1ebft b\u1ea3o m\u1eadt th\u00f4ng tin c\u00e1 nh\u00e2n c\u1ee7a b\u1ea1n v\u00e0 s\u1eed d\u1ee5ng c\u00e1c bi\u1ec7n ph\u00e1p b\u1ea3o v\u1ec7 v\u1eadt l\u00fd v\u00e0 k\u1ef9 thu\u1eadt \u0111\u1ec3 \u0111\u1ea3m b\u1ea3o an to\u00e0n cho th\u00f4ng tin n\u00e0y.<\/li>\r\n<li>Ch\u00fang t\u00f4i kh\u00f4ng chia s\u1ebb, b\u00e1n ho\u1eb7c trao \u0111\u1ed5i th\u00f4ng tin c\u00e1 nh\u00e2n c\u1ee7a b\u1ea1n cho b\u00ean th\u1ee9 ba m\u00e0 kh\u00f4ng c\u00f3 s\u1ef1 \u0111\u1ed3ng \u00fd c\u1ee7a b\u1ea1n.<\/li>\r\n<\/ul>\r\n<p><strong>4. Quy\u1ec1n ri\u00eang t\u01b0:<\/strong><\/p>\r\n<ul class=\"wp-block-list\">\r\n<li>B\u1ea1n c\u00f3 quy\u1ec1n ki\u1ec3m so\u00e1t th\u00f4ng tin c\u00e1 nh\u00e2n c\u1ee7a m\u00ecnh. N\u1ebfu b\u1ea1n mu\u1ed1n xem, s\u1eeda \u0111\u1ed5i ho\u1eb7c x\u00f3a th\u00f4ng tin c\u00e1 nh\u00e2n \u0111\u00e3 cung c\u1ea5p cho ch\u00fang t\u00f4i, vui l\u00f2ng li\u00ean h\u1ec7 v\u1edbi ch\u00fang t\u00f4i qua email\u00a0<a href=\"mailto:support@anhthodien.vn\">support@dientuhd.com<\/a> ho\u1eb7c s\u1ed1 \u0111i\u1ec7n tho\u1ea1i hotline 0333512888.<\/li>\r\n<\/ul>\r\n<p><strong>5. Thay \u0111\u1ed5i ch\u00ednh s\u00e1ch:<\/strong><\/p>\r\n<ul class=\"wp-block-list\">\r\n<li>Ch\u00fang t\u00f4i c\u00f3 th\u1ec3 \u0111i\u1ec1u ch\u1ec9nh v\u00e0 c\u1eadp nh\u1eadt ch\u00ednh s\u00e1ch b\u1ea3o m\u1eadt n\u00e0y khi c\u1ea7n thi\u1ebft. B\u1ea5t k\u1ef3 thay \u0111\u1ed5i n\u00e0o s\u1ebd \u0111\u01b0\u1ee3c c\u1eadp nh\u1eadt tr\u00ean trang web c\u1ee7a ch\u00fang t\u00f4i v\u00e0 \u00e1p d\u1ee5ng t\u1eeb th\u1eddi \u0111i\u1ec3m \u0111\u01b0\u1ee3c th\u00f4ng b\u00e1o.<\/li>\r\n<\/ul>\r\n<p>N\u1ebfu b\u1ea1n c\u00f3 b\u1ea5t k\u1ef3 c\u00e2u h\u1ecfi ho\u1eb7c \u00fd ki\u1ebfn li\u00ean quan \u0111\u1ebfn ch\u00ednh s\u00e1ch b\u1ea3o m\u1eadt c\u1ee7a ch\u00fang t\u00f4i, vui l\u00f2ng li\u00ean h\u1ec7 v\u1edbi ch\u00fang t\u00f4i. Ch\u00fang t\u00f4i lu\u00f4n tr\u00e2n tr\u1ecdng s\u1ef1 tin t\u01b0\u1edfng v\u00e0 \u1ee7ng h\u1ed9 c\u1ee7a b\u1ea1n, v\u00e0 cam k\u1ebft b\u1ea3o v\u1ec7 th\u00f4ng tin c\u00e1 nh\u00e2n c\u1ee7a b\u1ea1n m\u1ed9t c\u00e1ch an to\u00e0n v\u00e0 t\u00f4n tr\u1ecdng!<\/p>","protected":false},"excerpt":{"rendered":"<p>Ch\u00e0o m\u1eebng b\u1ea1n \u0111\u1ebfn v\u1edbi trang ch\u00ednh s\u00e1ch b\u1ea3o m\u1eadt c\u1ee7a ch\u00fang t\u00f4i! Ch\u00fang t\u00f4i cam k\u1ebft b\u1ea3o v\u1ec7 th\u00f4ng tin c\u00e1 nh\u00e2n c\u1ee7a b\u1ea1n m\u1ed9t c\u00e1ch nghi\u00eam t\u00fac v\u00e0 t\u00f4n tr\u1ecdng quy\u1ec1n ri\u00eang t\u01b0. Trang ch\u00ednh s\u00e1ch n\u00e0y s\u1ebd gi\u1ea3i th\u00edch c\u00e1ch ch\u00fang t\u00f4i thu th\u1eadp, s\u1eed d\u1ee5ng v\u00e0 b\u1ea3o v\u1ec7 th\u00f4ng tin c\u1ee7a [&#8230;]\n","protected":false},"author":1,"featured_media":0,"parent":0,"menu_order":0,"comment_status":"closed","ping_status":"open","template":"","meta":{"footnotes":""},"class_list":["post-3","page","type-page","status-publish","hentry"],"jetpack_sharing_enabled":true,"_links":{"self":[{"href":"https:\/\/dientuhd.com\/index.php\/wp-json\/wp\/v2\/pages\/3","targetHints":{"allow":["GET"]}}],"collection":[{"href":"https:\/\/dientuhd.com\/index.php\/wp-json\/wp\/v2\/pages"}],"about":[{"href":"https:\/\/dientuhd.com\/index.php\/wp-json\/wp\/v2\/types\/page"}],"author":[{"embeddable":true,"href":"https:\/\/dientuhd.com\/index.php\/wp-json\/wp\/v2\/users\/1"}],"replies":[{"embeddable":true,"href":"https:\/\/dientuhd.com\/index.php\/wp-json\/wp\/v2\/comments?post=3"}],"version-history":[{"count":1,"href":"https:\/\/dientuhd.com\/index.php\/wp-json\/wp\/v2\/pages\/3\/revisions"}],"predecessor-version":[{"id":207,"href":"https:\/\/dientuhd.com\/index.php\/wp-json\/wp\/v2\/pages\/3\/revisions\/207"}],"wp:attachment":[{"href":"https:\/\/dientuhd.com\/index.php\/wp-json\/wp\/v2\/media?parent=3"}],"curies":[{"name":"wp","href":"https:\/\/api.w.org\/{rel}","templated":true}]}}