{"id":8,"date":"2024-07-18T07:02:35","date_gmt":"2024-07-18T07:02:35","guid":{"rendered":"https:\/\/dientuhd.com\/index.php\/gio-hang\/"},"modified":"2025-04-12T03:26:33","modified_gmt":"2025-04-12T03:26:33","slug":"gio-hang","status":"publish","type":"page","link":"https:\/\/dientuhd.com\/index.php\/gio-hang\/","title":{"rendered":"Gi\u1ecf h\u00e0ng"},"content":{"rendered":"\n<div data-block-name=\"woocommerce\/cart\" class=\"wp-block-woocommerce-cart alignwide is-loading\">\n<div data-block-name=\"woocommerce\/filled-cart-block\" class=\"wp-block-woocommerce-filled-cart-block\">\n<div data-block-name=\"woocommerce\/cart-items-block\" class=\"wp-block-woocommerce-cart-items-block\">\n<div data-block-name=\"woocommerce\/cart-line-items-block\" class=\"wp-block-woocommerce-cart-line-items-block\"><\/div>\n\n\n\n<div data-block-name=\"woocommerce\/cart-cross-sells-block\" class=\"wp-block-woocommerce-cart-cross-sells-block\">\n<h2 class=\"wp-block-heading has-large-font-size\">B\u1ea1n c\u00f3 th\u1ec3 quan t\u00e2m \u0111\u1ebfn\u2026<\/h2>\n\n\n\n<div data-block-name=\"woocommerce\/cart-cross-sells-products-block\" class=\"wp-block-woocommerce-cart-cross-sells-products-block\"><\/div>\n<\/div>\n<\/div>\n\n\n\n<div data-block-name=\"woocommerce\/cart-totals-block\" class=\"wp-block-woocommerce-cart-totals-block\">\n<div data-block-name=\"woocommerce\/cart-order-summary-block\" class=\"wp-block-woocommerce-cart-order-summary-block\">\n<div data-block-name=\"woocommerce\/cart-order-summary-heading-block\" class=\"wp-block-woocommerce-cart-order-summary-heading-block\"><\/div><div data-block-name=\"woocommerce\/cart-order-summary-coupon-form-block\" class=\"wp-block-woocommerce-cart-order-summary-coupon-form-block\"><\/div><div data-block-name=\"woocommerce\/cart-order-summary-totals-block\" class=\"wp-block-woocommerce-cart-order-summary-totals-block\">\n<div data-block-name=\"woocommerce\/cart-order-summary-subtotal-block\" class=\"wp-block-woocommerce-cart-order-summary-subtotal-block\"><\/div>\n<div data-block-name=\"woocommerce\/cart-order-summary-discount-block\" class=\"wp-block-woocommerce-cart-order-summary-discount-block\"><\/div>\n<div data-block-name=\"woocommerce\/cart-order-summary-fee-block\" class=\"wp-block-woocommerce-cart-order-summary-fee-block\"><\/div>\n<div data-block-name=\"woocommerce\/cart-order-summary-shipping-block\" class=\"wp-block-woocommerce-cart-order-summary-shipping-block\"><\/div>\n<div data-block-name=\"woocommerce\/cart-order-summary-taxes-block\" class=\"wp-block-woocommerce-cart-order-summary-taxes-block\"><\/div><\/div>\n<\/div>\n\n\n\n<div data-block-name=\"woocommerce\/cart-express-payment-block\" class=\"wp-block-woocommerce-cart-express-payment-block\"><\/div>\n\n\n\n<div data-block-name=\"woocommerce\/proceed-to-checkout-block\" class=\"wp-block-woocommerce-proceed-to-checkout-block\"><\/div>\n\n\n\n<div data-block-name=\"woocommerce\/cart-accepted-payment-methods-block\" class=\"wp-block-woocommerce-cart-accepted-payment-methods-block\"><\/div>\n<\/div>\n<\/div>\n\n\n\n<div data-block-name=\"woocommerce\/empty-cart-block\" class=\"wp-block-woocommerce-empty-cart-block\">\n<h2 class=\"wp-block-heading has-text-align-center with-empty-cart-icon wc-block-cart__empty-cart__title\">Gi\u1ecf h\u00e0ng hi\u1ec7n t\u1ea1i ch\u01b0a c\u00f3 s\u1ea3n ph\u1ea9m n\u00e0o!<\/h2>\n\n\n\n<hr class=\"wp-block-separator has-alpha-channel-opacity is-style-dots\"\/>\n\n\n\n<h2 class=\"wp-block-heading has-text-align-center\">M\u1edbi trong c\u1eeda h\u00e0ng<\/h2>\n\n\n<div data-block-name=\"woocommerce\/product-new\" data-columns=\"4\" data-rows=\"1\" class=\"wc-block-grid wp-block-product-new wp-block-woocommerce-product-new wc-block-product-new has-4-columns\"><ul class=\"wc-block-grid__products\"><li class=\"wc-block-grid__product\">\n\t\t\t\t<a href=\"https:\/\/dientuhd.com\/index.php\/san-pham\/40n120-thao-may-chu-mo\/\" class=\"wc-block-grid__product-link\">\n\t\t\t\t\t\n\t\t\t\t\t<div class=\"wc-block-grid__product-image\"><img loading=\"lazy\" decoding=\"async\" width=\"300\" height=\"313\" src=\"https:\/\/i0.wp.com\/dientuhd.com\/wp-content\/uploads\/2026\/01\/40n120.1.jpg?fit=300%2C313&amp;ssl=1\" class=\"attachment-woocommerce_thumbnail size-woocommerce_thumbnail\" alt=\"40N120 Th\u00e1o m\u00e1y (ch\u1eef m\u1edd)\" srcset=\"https:\/\/i0.wp.com\/dientuhd.com\/wp-content\/uploads\/2026\/01\/40n120.1.jpg?w=1146&amp;ssl=1 1146w, https:\/\/i0.wp.com\/dientuhd.com\/wp-content\/uploads\/2026\/01\/40n120.1.jpg?resize=288%2C300&amp;ssl=1 288w, https:\/\/i0.wp.com\/dientuhd.com\/wp-content\/uploads\/2026\/01\/40n120.1.jpg?resize=982%2C1024&amp;ssl=1 982w, https:\/\/i0.wp.com\/dientuhd.com\/wp-content\/uploads\/2026\/01\/40n120.1.jpg?resize=768%2C801&amp;ssl=1 768w, https:\/\/i0.wp.com\/dientuhd.com\/wp-content\/uploads\/2026\/01\/40n120.1.jpg?resize=300%2C313&amp;ssl=1 300w, https:\/\/i0.wp.com\/dientuhd.com\/wp-content\/uploads\/2026\/01\/40n120.1.jpg?resize=600%2C626&amp;ssl=1 600w\" sizes=\"auto, (max-width: 300px) 100vw, 300px\" \/><\/div>\n\t\t\t\t\t<div class=\"wc-block-grid__product-title\">40N120 Th\u00e1o m\u00e1y (ch\u1eef m\u1edd)<\/div>\n\t\t\t\t<\/a>\n\t\t\t\t<div class=\"wc-block-grid__product-price price\"><span class=\"woocommerce-Price-amount amount\">20.000&nbsp;<span class=\"woocommerce-Price-currencySymbol\">&#8363;<\/span><\/span><\/div>\n\t\t\t\t\n\t\t\t\t<div class=\"wp-block-button wc-block-grid__product-add-to-cart\"><a href=\"\/index.php\/wp-json\/wp\/v2\/pages\/8?add-to-cart=339\" aria-label=\"Th\u00eam v\u00e0o gi\u1ecf h\u00e0ng: &ldquo;40N120 Th\u00e1o m\u00e1y (ch\u1eef m\u1edd)&rdquo;\" data-quantity=\"1\" data-product_id=\"339\" data-product_sku=\"\" data-price=\"20000\" rel=\"nofollow\" class=\"wp-block-button__link  add_to_cart_button ajax_add_to_cart\">Th\u00eam v\u00e0o gi\u1ecf h\u00e0ng<\/a><\/div>\n\t\t\t<\/li><li class=\"wc-block-grid__product\">\n\t\t\t\t<a href=\"https:\/\/dientuhd.com\/index.php\/san-pham\/18n120-thao-may\/\" class=\"wc-block-grid__product-link\">\n\t\t\t\t\t\n\t\t\t\t\t<div class=\"wc-block-grid__product-image\"><img loading=\"lazy\" decoding=\"async\" width=\"300\" height=\"269\" src=\"https:\/\/i0.wp.com\/dientuhd.com\/wp-content\/uploads\/2026\/01\/18n120.1.jpg?fit=300%2C269&amp;ssl=1\" class=\"attachment-woocommerce_thumbnail size-woocommerce_thumbnail\" alt=\"18N120 Th\u00e1o m\u00e1y\" srcset=\"https:\/\/i0.wp.com\/dientuhd.com\/wp-content\/uploads\/2026\/01\/18n120.1.jpg?w=1031&amp;ssl=1 1031w, https:\/\/i0.wp.com\/dientuhd.com\/wp-content\/uploads\/2026\/01\/18n120.1.jpg?resize=300%2C269&amp;ssl=1 300w, https:\/\/i0.wp.com\/dientuhd.com\/wp-content\/uploads\/2026\/01\/18n120.1.jpg?resize=1024%2C918&amp;ssl=1 1024w, https:\/\/i0.wp.com\/dientuhd.com\/wp-content\/uploads\/2026\/01\/18n120.1.jpg?resize=768%2C688&amp;ssl=1 768w, https:\/\/i0.wp.com\/dientuhd.com\/wp-content\/uploads\/2026\/01\/18n120.1.jpg?resize=600%2C538&amp;ssl=1 600w\" sizes=\"auto, (max-width: 300px) 100vw, 300px\" \/><\/div>\n\t\t\t\t\t<div class=\"wc-block-grid__product-title\">18N120 Th\u00e1o m\u00e1y<\/div>\n\t\t\t\t<\/a>\n\t\t\t\t<div class=\"wc-block-grid__product-price price\"><span class=\"woocommerce-Price-amount amount\">12.000&nbsp;<span class=\"woocommerce-Price-currencySymbol\">&#8363;<\/span><\/span><\/div>\n\t\t\t\t\n\t\t\t\t<div class=\"wp-block-button wc-block-grid__product-add-to-cart\"><a href=\"\/index.php\/wp-json\/wp\/v2\/pages\/8?add-to-cart=336\" aria-label=\"Th\u00eam v\u00e0o gi\u1ecf h\u00e0ng: &ldquo;18N120 Th\u00e1o m\u00e1y&rdquo;\" data-quantity=\"1\" data-product_id=\"336\" data-product_sku=\"\" data-price=\"12000\" rel=\"nofollow\" class=\"wp-block-button__link  add_to_cart_button ajax_add_to_cart\">Th\u00eam v\u00e0o gi\u1ecf h\u00e0ng<\/a><\/div>\n\t\t\t<\/li><li class=\"wc-block-grid__product\">\n\t\t\t\t<a href=\"https:\/\/dientuhd.com\/index.php\/san-pham\/330\/\" class=\"wc-block-grid__product-link\">\n\t\t\t\t\t\n\t\t\t\t\t<div class=\"wc-block-grid__product-image\"><img loading=\"lazy\" decoding=\"async\" width=\"300\" height=\"292\" src=\"https:\/\/i0.wp.com\/dientuhd.com\/wp-content\/uploads\/2026\/01\/15n120.1.jpg?fit=300%2C292&amp;ssl=1\" class=\"attachment-woocommerce_thumbnail size-woocommerce_thumbnail\" alt=\"15N120 Th\u00e1o m\u00e1y\" srcset=\"https:\/\/i0.wp.com\/dientuhd.com\/wp-content\/uploads\/2026\/01\/15n120.1.jpg?w=1272&amp;ssl=1 1272w, https:\/\/i0.wp.com\/dientuhd.com\/wp-content\/uploads\/2026\/01\/15n120.1.jpg?resize=300%2C292&amp;ssl=1 300w, https:\/\/i0.wp.com\/dientuhd.com\/wp-content\/uploads\/2026\/01\/15n120.1.jpg?resize=1024%2C997&amp;ssl=1 1024w, https:\/\/i0.wp.com\/dientuhd.com\/wp-content\/uploads\/2026\/01\/15n120.1.jpg?resize=768%2C747&amp;ssl=1 768w, https:\/\/i0.wp.com\/dientuhd.com\/wp-content\/uploads\/2026\/01\/15n120.1.jpg?resize=600%2C584&amp;ssl=1 600w\" sizes=\"auto, (max-width: 300px) 100vw, 300px\" \/><\/div>\n\t\t\t\t\t<div class=\"wc-block-grid__product-title\">15N120 Th\u00e1o m\u00e1y<\/div>\n\t\t\t\t<\/a>\n\t\t\t\t<div class=\"wc-block-grid__product-price price\"><span class=\"woocommerce-Price-amount amount\">10.000&nbsp;<span class=\"woocommerce-Price-currencySymbol\">&#8363;<\/span><\/span><\/div>\n\t\t\t\t\n\t\t\t\t<div class=\"wp-block-button wc-block-grid__product-add-to-cart\"><a href=\"\/index.php\/wp-json\/wp\/v2\/pages\/8?add-to-cart=330\" aria-label=\"Th\u00eam v\u00e0o gi\u1ecf h\u00e0ng: &ldquo;15N120 Th\u00e1o m\u00e1y&rdquo;\" data-quantity=\"1\" data-product_id=\"330\" data-product_sku=\"\" data-price=\"10000\" rel=\"nofollow\" class=\"wp-block-button__link  add_to_cart_button ajax_add_to_cart\">Th\u00eam v\u00e0o gi\u1ecf h\u00e0ng<\/a><\/div>\n\t\t\t<\/li><li class=\"wc-block-grid__product\">\n\t\t\t\t<a href=\"https:\/\/dientuhd.com\/index.php\/san-pham\/mach-bluetooth-5-0-cong-suat-7w\/\" class=\"wc-block-grid__product-link\">\n\t\t\t\t\t\n\t\t\t\t\t<div class=\"wc-block-grid__product-image\"><img loading=\"lazy\" decoding=\"async\" width=\"300\" height=\"300\" src=\"https:\/\/i0.wp.com\/dientuhd.com\/wp-content\/uploads\/2025\/04\/Mach-bluetooth-5.0-cong-suat-7w1.jpg?fit=300%2C300&amp;ssl=1\" class=\"attachment-woocommerce_thumbnail size-woocommerce_thumbnail\" alt=\"M\u1ea1ch bluetooth 5.0 c\u00f4ng su\u1ea5t 7w\" srcset=\"https:\/\/i0.wp.com\/dientuhd.com\/wp-content\/uploads\/2025\/04\/Mach-bluetooth-5.0-cong-suat-7w1.jpg?w=800&amp;ssl=1 800w, https:\/\/i0.wp.com\/dientuhd.com\/wp-content\/uploads\/2025\/04\/Mach-bluetooth-5.0-cong-suat-7w1.jpg?resize=300%2C300&amp;ssl=1 300w, https:\/\/i0.wp.com\/dientuhd.com\/wp-content\/uploads\/2025\/04\/Mach-bluetooth-5.0-cong-suat-7w1.jpg?resize=150%2C150&amp;ssl=1 150w, https:\/\/i0.wp.com\/dientuhd.com\/wp-content\/uploads\/2025\/04\/Mach-bluetooth-5.0-cong-suat-7w1.jpg?resize=768%2C768&amp;ssl=1 768w, https:\/\/i0.wp.com\/dientuhd.com\/wp-content\/uploads\/2025\/04\/Mach-bluetooth-5.0-cong-suat-7w1.jpg?resize=600%2C600&amp;ssl=1 600w, https:\/\/i0.wp.com\/dientuhd.com\/wp-content\/uploads\/2025\/04\/Mach-bluetooth-5.0-cong-suat-7w1.jpg?resize=100%2C100&amp;ssl=1 100w\" sizes=\"auto, (max-width: 300px) 100vw, 300px\" \/><\/div>\n\t\t\t\t\t<div class=\"wc-block-grid__product-title\">M\u1ea1ch bluetooth 5.0 c\u00f4ng su\u1ea5t 7w<\/div>\n\t\t\t\t<\/a>\n\t\t\t\t<div class=\"wc-block-grid__product-price price\"><span class=\"woocommerce-Price-amount amount\">25.000&nbsp;<span class=\"woocommerce-Price-currencySymbol\">&#8363;<\/span><\/span><\/div>\n\t\t\t\t\n\t\t\t\t<div class=\"wp-block-button wc-block-grid__product-add-to-cart\"><a href=\"\/index.php\/wp-json\/wp\/v2\/pages\/8?add-to-cart=319\" aria-label=\"Th\u00eam v\u00e0o gi\u1ecf h\u00e0ng: &ldquo;M\u1ea1ch bluetooth 5.0 c\u00f4ng su\u1ea5t 7w&rdquo;\" data-quantity=\"1\" data-product_id=\"319\" data-product_sku=\"mach7wbootnew\" data-price=\"25000\" rel=\"nofollow\" class=\"wp-block-button__link  add_to_cart_button ajax_add_to_cart\">Th\u00eam v\u00e0o gi\u1ecf h\u00e0ng<\/a><\/div>\n\t\t\t<\/li><\/ul><\/div><\/div>\n<\/div>\n","protected":false},"excerpt":{"rendered":"","protected":false},"author":1,"featured_media":0,"parent":0,"menu_order":0,"comment_status":"closed","ping_status":"closed","template":"","meta":{"footnotes":""},"class_list":["post-8","page","type-page","status-publish","hentry"],"jetpack_sharing_enabled":true,"_links":{"self":[{"href":"https:\/\/dientuhd.com\/index.php\/wp-json\/wp\/v2\/pages\/8","targetHints":{"allow":["GET"]}}],"collection":[{"href":"https:\/\/dientuhd.com\/index.php\/wp-json\/wp\/v2\/pages"}],"about":[{"href":"https:\/\/dientuhd.com\/index.php\/wp-json\/wp\/v2\/types\/page"}],"author":[{"embeddable":true,"href":"https:\/\/dientuhd.com\/index.php\/wp-json\/wp\/v2\/users\/1"}],"replies":[{"embeddable":true,"href":"https:\/\/dientuhd.com\/index.php\/wp-json\/wp\/v2\/comments?post=8"}],"version-history":[{"count":1,"href":"https:\/\/dientuhd.com\/index.php\/wp-json\/wp\/v2\/pages\/8\/revisions"}],"predecessor-version":[{"id":72,"href":"https:\/\/dientuhd.com\/index.php\/wp-json\/wp\/v2\/pages\/8\/revisions\/72"}],"wp:attachment":[{"href":"https:\/\/dientuhd.com\/index.php\/wp-json\/wp\/v2\/media?parent=8"}],"curies":[{"name":"wp","href":"https:\/\/api.w.org\/{rel}","templated":true}]}}