{"id":250,"date":"2024-08-01T09:55:29","date_gmt":"2024-08-01T09:55:29","guid":{"rendered":"https:\/\/dientuhd.com\/?post_type=product&#038;p=250"},"modified":"2026-03-05T07:40:24","modified_gmt":"2026-03-05T07:40:24","slug":"day-usb-a-to-type-c-23cm-loai-3-5a","status":"publish","type":"product","link":"https:\/\/dientuhd.com\/index.php\/san-pham\/day-usb-a-to-type-c-23cm-loai-3-5a\/","title":{"rendered":"D\u00e2y usb A to Type C 23cm lo\u1ea1i 3.5A"},"content":{"rendered":"<p><strong>\u0110i\u1ec7n \u00c1p Ho\u1ea1t \u0110\u1ed9ng:<\/strong> D\u01b0\u1edbi 40V<br \/>\n<strong>D\u00f2ng \u0110i\u1ec7n T\u1ed1i \u0110a:<\/strong> 3.5A<br \/>\n<strong>S\u1ed1 L\u01b0\u1ee3ng L\u00f5i D\u00e2y:<\/strong> 4 s\u1ee3i (bao g\u1ed3m 2 s\u1ee3i d\u00e2y ngu\u1ed3n si\u00eau to)<br \/>\n<strong>Chi\u1ec1u D\u00e0i:<\/strong> 23cm<\/p>\n<p><strong>\u0110\u1eb7c \u0110i\u1ec3m:<\/strong><\/p>\n<ul>\n<li><strong>Ch\u1ea5t Li\u1ec7u:<\/strong> PVC cao c\u1ea5p, b\u1ec1n \u0111\u1eb9p, ch\u1eafc ch\u1eafn v\u00e0 \u1ed5n \u0111\u1ecbnh.<\/li>\n<li><strong>Ch\u1ee9c N\u0103ng:<\/strong> H\u1ed7 tr\u1ee3 s\u1ea1c v\u00e0 truy\u1ec1n d\u1eef li\u1ec7u \u0111\u1ed3ng th\u1eddi.<\/li>\n<li><strong>T\u00ednh N\u0103ng:<\/strong> T\u1ef1 \u0111\u1ed9ng k\u00e9o v\u00e0 th\u1ea3 thi\u1ebft b\u1ecb \u0111\u1ec3 tr\u00e1nh h\u1ecfng h\u00f3c.<\/li>\n<li><strong>B\u1ea3o V\u1ec7:<\/strong> Qu\u00e1 \u00e1p, b\u1ea3o v\u1ec7 ng\u01b0\u1ee3c, ng\u1eafn m\u1ea1ch, qu\u00e1 d\u00f2ng v\u00e0 qu\u00e1 \u00e1p.<\/li>\n<li><strong>C\u1ea5p Ngu\u1ed3n:<\/strong> T\u01b0\u01a1ng th\u00edch v\u1edbi b\u1ed9 s\u1ea1c t\u01b0\u1eddng lo\u1ea1i C, b\u1ed9 s\u1ea1c \u00f4 t\u00f4 lo\u1ea1i C, b\u1ed9 s\u1ea1c d\u1ef1 ph\u00f2ng lo\u1ea1i C, m\u00e1y t\u00ednh x\u00e1ch tay lo\u1ea1i C v\u00e0 c\u00e1c thi\u1ebft b\u1ecb kh\u00e1c.<\/li>\n<\/ul>\n","protected":false},"excerpt":{"rendered":"<p><strong>\u0110i\u1ec7n \u00c1p Ho\u1ea1t \u0110\u1ed9ng:<\/strong> D\u01b0\u1edbi 40V<br \/>\n<strong>D\u00f2ng \u0110i\u1ec7n T\u1ed1i \u0110a:<\/strong> 3.5A<br \/>\n<strong>S\u1ed1 L\u01b0\u1ee3ng L\u00f5i D\u00e2y:<\/strong> 4 s\u1ee3i (bao g\u1ed3m 2 s\u1ee3i d\u00e2y ngu\u1ed3n si\u00eau to)<br \/>\n<strong>Chi\u1ec1u D\u00e0i:<\/strong> 23cm<\/p>\n","protected":false},"featured_media":258,"comment_status":"open","ping_status":"closed","template":"","meta":[],"product_brand":[],"product_cat":[15],"product_tag":[],"class_list":{"0":"post-250","1":"product","2":"type-product","3":"status-publish","4":"has-post-thumbnail","6":"product_cat-san-pham-khac","8":"first","9":"instock","10":"shipping-taxable","11":"purchasable","12":"product-type-simple"},"jetpack_sharing_enabled":true,"_links":{"self":[{"href":"https:\/\/dientuhd.com\/index.php\/wp-json\/wp\/v2\/product\/250","targetHints":{"allow":["GET"]}}],"collection":[{"href":"https:\/\/dientuhd.com\/index.php\/wp-json\/wp\/v2\/product"}],"about":[{"href":"https:\/\/dientuhd.com\/index.php\/wp-json\/wp\/v2\/types\/product"}],"replies":[{"embeddable":true,"href":"https:\/\/dientuhd.com\/index.php\/wp-json\/wp\/v2\/comments?post=250"}],"wp:featuredmedia":[{"embeddable":true,"href":"https:\/\/dientuhd.com\/index.php\/wp-json\/wp\/v2\/media\/258"}],"wp:attachment":[{"href":"https:\/\/dientuhd.com\/index.php\/wp-json\/wp\/v2\/media?parent=250"}],"wp:term":[{"taxonomy":"product_brand","embeddable":true,"href":"https:\/\/dientuhd.com\/index.php\/wp-json\/wp\/v2\/product_brand?post=250"},{"taxonomy":"product_cat","embeddable":true,"href":"https:\/\/dientuhd.com\/index.php\/wp-json\/wp\/v2\/product_cat?post=250"},{"taxonomy":"product_tag","embeddable":true,"href":"https:\/\/dientuhd.com\/index.php\/wp-json\/wp\/v2\/product_tag?post=250"}],"curies":[{"name":"wp","href":"https:\/\/api.w.org\/{rel}","templated":true}]}}