{"id":269,"date":"2025-04-12T01:15:56","date_gmt":"2025-04-12T01:15:56","guid":{"rendered":"https:\/\/dientuhd.com\/?post_type=product&#038;p=269"},"modified":"2026-03-05T07:40:24","modified_gmt":"2026-03-05T07:40:24","slug":"mach-sac-nhanh-25w-typec-sac-qc-pd-vooc-ip5356","status":"publish","type":"product","link":"https:\/\/dientuhd.com\/index.php\/san-pham\/mach-sac-nhanh-25w-typec-sac-qc-pd-vooc-ip5356\/","title":{"rendered":"m\u1ea1ch s\u1ea1c nhanh 25w typec ip5356"},"content":{"rendered":"<div>m\u1ea1ch s\u1ea1c nhanh 25w 2 usb ip5356 25w max\u00a0 ( ch\u01b0a h\u00e0n d\u00e2y h\u00e0ng m\u1edbi)<\/div>\n<div>&gt; m\u1ea1ch ch\u1ea1y pin lipo, lithium lo\u1ea1i 1s 3.7v<\/div>\n<div><\/div>\n<div>-C\u1ed5ng\u00a0 type c h\u00f4\u0303 tr\u01a1\u0323\u00a0 In v\u00e0 Out sa\u0323c nhanh PD v\u00e0 qc, vooc, fpc, scp max 25w<\/div>\n<div>\u00a0 \u00a0 \u00a0 \u00a0 -C\u1ed5ng usb micro in h\u1ed7 tr\u1ee3 max 22.5w<\/div>\n<div>&#8211; c\u1ed5ng usb h\u00f4\u0303 tr\u01a1\u0323 s\u1ea1c nhanh 22.5w<\/div>\n<div>\u00a0 \u00a0 \u00a0 \u00a0 -m\u1ea1ch t\u1ef1 nh\u1eadn s\u1ea1c nhanh khi thi\u1ebft b\u1ecb h\u1ed7 tr\u1ee3<\/div>\n<div>\u00a0 \u00a0 \u00a0 \u00a0 &#8211; Lo\u1ea1i n\u00e0y c\u00f3 Led b\u00e1o s\u1ea1c nhanh m\u1ea7u Xanh<\/div>\n<div>&gt;&gt; \u0110\u1ea5u sai c\u1ef1c pin s\u1ebd l\u00e0m h\u1ecfng m\u1ea1ch ( li\u00ean h\u1ec7 ngay n\u1ebfu \u0111\u1ea5u sai c\u1ef1c pin )<\/div>\n<div>&gt;&gt; H\u00ecnh \u1ea3nh l\u00e0 shop t\u1ef1 ch\u1ee5p<\/div>\n<div>&gt;&gt; M\u1ea1ch mua r\u1ed3i kh\u00f4ng \u0111\u1ed3ng \u00fd \u0111\u1ed5i tr\u1ea3 d\u01b0\u1edbi m\u1ecdi h\u00ecnh th\u1ee9c<\/div>\n<div><\/div>\n","protected":false},"excerpt":{"rendered":"<div>m\u1ea1ch s\u1ea1c nhanh 25w 2 usb ip5356 25w max\u00a0 ( ch\u01b0a h\u00e0n d\u00e2y h\u00e0ng m\u1edbi)<\/div>\n<div>&gt; m\u1ea1ch ch\u1ea1y pin lipo, lithium lo\u1ea1i 1s 3.7v<\/div>\n<div><\/div>\n<div>-C\u1ed5ng\u00a0 type c h\u00f4\u0303 tr\u01a1\u0323\u00a0 In v\u00e0 Out sa\u0323c nhanh PD v\u00e0 qc, vooc, fpc, scp max 25w<\/div>\n<div>\u00a0 \u00a0 \u00a0 \u00a0 -C\u1ed5ng usb micro in h\u1ed7 tr\u1ee3 max 22.5w<\/div>\n<div>&#8211; c\u1ed5ng usb h\u00f4\u0303 tr\u01a1\u0323 s\u1ea1c nhanh 22.5w<\/div>\n<div>\u00a0 \u00a0 \u00a0 \u00a0 -m\u1ea1ch t\u1ef1 nh\u1eadn s\u1ea1c nhanh khi thi\u1ebft b\u1ecb h\u1ed7 tr\u1ee3<\/div>\n<div>\u00a0 \u00a0 \u00a0 \u00a0 &#8211; Lo\u1ea1i n\u00e0y c\u00f3 Led b\u00e1o s\u1ea1c nhanh m\u1ea7u Xanh<\/div>\n<div>&gt;&gt; \u0110\u1ea5u sai c\u1ef1c pin s\u1ebd l\u00e0m h\u1ecfng m\u1ea1ch ( li\u00ean h\u1ec7 ngay n\u1ebfu \u0111\u1ea5u sai c\u1ef1c pin )<\/div>\n<div>&gt;&gt; H\u00ecnh \u1ea3nh l\u00e0 shop t\u1ef1 ch\u1ee5p<\/div>\n<div>&gt;&gt; M\u1ea1ch mua r\u1ed3i kh\u00f4ng \u0111\u1ed3ng \u00fd \u0111\u1ed5i tr\u1ea3 d\u01b0\u1edbi m\u1ecdi h\u00ecnh th\u1ee9c<\/div>\n<div><\/div>\n","protected":false},"featured_media":307,"comment_status":"open","ping_status":"closed","template":"","meta":[],"product_brand":[],"product_cat":[32],"product_tag":[43],"class_list":{"0":"post-269","1":"product","2":"type-product","3":"status-publish","4":"has-post-thumbnail","6":"product_cat-mach-sac-du-phong","7":"product_tag-msdp","9":"first","10":"instock","11":"shipping-taxable","12":"purchasable","13":"product-type-simple"},"jetpack_sharing_enabled":true,"_links":{"self":[{"href":"https:\/\/dientuhd.com\/index.php\/wp-json\/wp\/v2\/product\/269","targetHints":{"allow":["GET"]}}],"collection":[{"href":"https:\/\/dientuhd.com\/index.php\/wp-json\/wp\/v2\/product"}],"about":[{"href":"https:\/\/dientuhd.com\/index.php\/wp-json\/wp\/v2\/types\/product"}],"replies":[{"embeddable":true,"href":"https:\/\/dientuhd.com\/index.php\/wp-json\/wp\/v2\/comments?post=269"}],"wp:featuredmedia":[{"embeddable":true,"href":"https:\/\/dientuhd.com\/index.php\/wp-json\/wp\/v2\/media\/307"}],"wp:attachment":[{"href":"https:\/\/dientuhd.com\/index.php\/wp-json\/wp\/v2\/media?parent=269"}],"wp:term":[{"taxonomy":"product_brand","embeddable":true,"href":"https:\/\/dientuhd.com\/index.php\/wp-json\/wp\/v2\/product_brand?post=269"},{"taxonomy":"product_cat","embeddable":true,"href":"https:\/\/dientuhd.com\/index.php\/wp-json\/wp\/v2\/product_cat?post=269"},{"taxonomy":"product_tag","embeddable":true,"href":"https:\/\/dientuhd.com\/index.php\/wp-json\/wp\/v2\/product_tag?post=269"}],"curies":[{"name":"wp","href":"https:\/\/api.w.org\/{rel}","templated":true}]}}