{"id":330,"date":"2026-01-16T01:05:00","date_gmt":"2026-01-16T01:05:00","guid":{"rendered":"https:\/\/dientuhd.com\/?post_type=product&#038;p=330"},"modified":"2026-03-05T07:40:24","modified_gmt":"2026-03-05T07:40:24","slug":"330","status":"publish","type":"product","link":"https:\/\/dientuhd.com\/index.php\/san-pham\/330\/","title":{"rendered":"15N120 Th\u00e1o m\u00e1y"},"content":{"rendered":"<ul data-start=\"289\" data-end=\"713\">\n<li data-start=\"289\" data-end=\"313\">\n<p data-start=\"188\" data-end=\"249\">IC 15N120 \u2013 IGBT c\u00f4ng su\u1ea5t cao (nh\u00e2n to, th\u00e1o m\u00e1y ch\u00ednh h\u00e3ng)<\/p>\n<ul data-start=\"251\" data-end=\"671\">\n<li data-start=\"251\" data-end=\"275\">\n<p data-start=\"253\" data-end=\"275\">M\u00e3 linh ki\u1ec7n: 15N120<\/p>\n<\/li>\n<li data-start=\"276\" data-end=\"310\">\n<p data-start=\"278\" data-end=\"310\">Lo\u1ea1i linh ki\u1ec7n: IGBT c\u00f4ng su\u1ea5t<\/p>\n<\/li>\n<li data-start=\"311\" data-end=\"355\">\n<p data-start=\"313\" data-end=\"355\">\u0110i\u1ec7n \u00e1p Collector\u2013Emitter (VCES): 1200 V<\/p>\n<\/li>\n<li data-start=\"356\" data-end=\"392\">\n<p data-start=\"358\" data-end=\"392\">D\u00f2ng Collector t\u1ed1i \u0111a (IC): 15 A<\/p>\n<\/li>\n<li data-start=\"393\" data-end=\"459\">\n<p data-start=\"395\" data-end=\"459\">C\u00f4ng su\u1ea5t ti\u00eau t\u00e1n: ~300\u2013350 W (ph\u1ee5 thu\u1ed9c \u0111i\u1ec1u ki\u1ec7n t\u1ea3n nhi\u1ec7t)<\/p>\n<\/li>\n<li data-start=\"460\" data-end=\"498\">\n<p data-start=\"462\" data-end=\"498\">\u0110i\u1ec7n \u00e1p Gate\u2013Emitter (VGES): \u00b120 V<\/p>\n<\/li>\n<li data-start=\"499\" data-end=\"544\">\n<p data-start=\"501\" data-end=\"544\">T\u1ed1c \u0111\u1ed9 \u0111\u00f3ng c\u1eaft: nhanh, ho\u1ea1t \u0111\u1ed9ng \u1ed5n \u0111\u1ecbnh<\/p>\n<\/li>\n<li data-start=\"545\" data-end=\"581\">\n<p data-start=\"547\" data-end=\"581\">Ph\u00f9 h\u1ee3p t\u1ea7n s\u1ed1 trung b\u00ecnh v\u00e0 cao<\/p>\n<\/li>\n<li data-start=\"582\" data-end=\"624\">\n<p data-start=\"584\" data-end=\"624\">\u0110\u00f3ng g\u00f3i: TO-247<\/p>\n<\/li>\n<li data-start=\"625\" data-end=\"671\">\n<p data-start=\"627\" data-end=\"671\">Nh\u00e2n IC: nh\u00e2n to, ch\u1ecbu t\u1ea3i t\u1ed1t, \u0111\u1ed9 b\u1ec1n cao<\/p>\n<\/li>\n<\/ul>\n<p data-start=\"673\" data-end=\"681\">\u1ee8ng d\u1ee5ng<\/p>\n<ul data-start=\"683\" data-end=\"800\">\n<li data-start=\"683\" data-end=\"711\">\n<p data-start=\"685\" data-end=\"711\">Ngu\u1ed3n xung c\u00f4ng su\u1ea5t l\u1edbn<\/p>\n<\/li>\n<li data-start=\"712\" data-end=\"735\">\n<p data-start=\"714\" data-end=\"735\">Inverter, k\u00edch \u0111i\u1ec7n<\/p>\n<\/li>\n<li data-start=\"736\" data-end=\"751\">\n<p data-start=\"738\" data-end=\"751\">M\u1ea1ch cao \u00e1p<\/p>\n<\/li>\n<li data-start=\"752\" data-end=\"775\">\n<p data-start=\"754\" data-end=\"775\">M\u00e1y h\u00e0n, m\u00e1y plasma<\/p>\n<\/li>\n<li data-start=\"776\" data-end=\"800\">\n<p data-start=\"778\" data-end=\"800\">Thi\u1ebft b\u1ecb c\u00f4ng nghi\u1ec7p<\/p>\n<\/li>\n<\/ul>\n<p data-start=\"802\" data-end=\"821\">T\u00ecnh tr\u1ea1ng h\u00e0ng h\u00f3a<\/p>\n<ul data-start=\"823\" data-end=\"1019\">\n<li data-start=\"823\" data-end=\"851\">\n<p data-start=\"825\" data-end=\"851\">H\u00e0ng th\u00e1o m\u00e1y ch\u00ednh h\u00e3ng<\/p>\n<\/li>\n<li data-start=\"852\" data-end=\"901\">\n<p data-start=\"854\" data-end=\"901\">Kh\u00f4ng ph\u1ea3i h\u00e0ng tr\u00f4i n\u1ed5i, kh\u00f4ng ph\u1ea3i h\u00e0ng gi\u1ea3<\/p>\n<\/li>\n<li data-start=\"902\" data-end=\"933\">\n<p data-start=\"904\" data-end=\"933\">Ngo\u1ea1i h\u00ecnh c\u00f2n t\u1ed1t, s\u1ea1ch s\u1ebd<\/p>\n<\/li>\n<li data-start=\"934\" data-end=\"971\">\n<p data-start=\"936\" data-end=\"971\">\u0110\u00e3 \u0111\u01b0\u1ee3c ki\u1ec3m tra k\u1ef9 tr\u01b0\u1edbc khi b\u00e1n<\/p>\n<\/li>\n<li data-start=\"972\" data-end=\"1019\">\n<p data-start=\"974\" data-end=\"1019\">\u0110\u1ea3m b\u1ea3o ho\u1ea1t \u0111\u1ed9ng \u1ed5n \u0111\u1ecbnh khi l\u1eafp \u0111\u00fang m\u1ea1ch<\/p>\n<\/li>\n<\/ul>\n<p data-start=\"1021\" data-end=\"1028\">Cam k\u1ebft<\/p>\n<ul data-start=\"1030\" data-end=\"1179\">\n<li data-start=\"1030\" data-end=\"1065\">\n<p data-start=\"1032\" data-end=\"1065\">\u0110\u00fang m\u00e3, \u0111\u00fang th\u00f4ng s\u1ed1 k\u1ef9 thu\u1eadt<\/p>\n<\/li>\n<li data-start=\"1066\" data-end=\"1097\">\n<p data-start=\"1068\" data-end=\"1097\">Nh\u00e2n to \u0111\u00fang chu\u1ea9n th\u00e1o m\u00e1y<\/p>\n<\/li>\n<li data-start=\"1098\" data-end=\"1136\">\n<p data-start=\"1100\" data-end=\"1136\">Test t\u1eebng linh ki\u1ec7n tr\u01b0\u1edbc khi giao<\/p>\n<\/li>\n<li data-start=\"1137\" data-end=\"1179\">\n<p data-start=\"1139\" data-end=\"1179\">Ph\u00f9 h\u1ee3p s\u1eeda ch\u1eefa, thay th\u1ebf v\u00e0 s\u1ea3n xu\u1ea5t<\/p>\n<\/li>\n<\/ul>\n<\/li>\n<\/ul>\n","protected":false},"excerpt":{"rendered":"<ul data-start=\"289\" data-end=\"713\">\n<li data-start=\"289\" data-end=\"313\">\n<p data-start=\"188\" data-end=\"249\">IC 15N120 \u2013 IGBT c\u00f4ng su\u1ea5t cao (nh\u00e2n to, th\u00e1o m\u00e1y ch\u00ednh h\u00e3ng)<\/p>\n<ul data-start=\"251\" data-end=\"671\">\n<li data-start=\"251\" data-end=\"275\">\n<p data-start=\"253\" data-end=\"275\">M\u00e3 linh ki\u1ec7n: 15N120<\/p>\n<\/li>\n<li data-start=\"276\" data-end=\"310\">\n<p data-start=\"278\" data-end=\"310\">Lo\u1ea1i linh ki\u1ec7n: IGBT c\u00f4ng su\u1ea5t<\/p>\n<\/li>\n<li data-start=\"311\" data-end=\"355\">\n<p data-start=\"313\" data-end=\"355\">\u0110i\u1ec7n \u00e1p Collector\u2013Emitter (VCES): 1200 V<\/p>\n<\/li>\n<li data-start=\"356\" data-end=\"392\">\n<p data-start=\"358\" data-end=\"392\">D\u00f2ng Collector t\u1ed1i \u0111a (IC): 15 A<\/p>\n<\/li>\n<li data-start=\"393\" data-end=\"459\">\n<p data-start=\"395\" data-end=\"459\">C\u00f4ng su\u1ea5t ti\u00eau t\u00e1n: ~300\u2013350 W (ph\u1ee5 thu\u1ed9c \u0111i\u1ec1u ki\u1ec7n t\u1ea3n nhi\u1ec7t)<\/p>\n<\/li>\n<li data-start=\"460\" data-end=\"498\">\n<p data-start=\"462\" data-end=\"498\">\u0110i\u1ec7n \u00e1p Gate\u2013Emitter (VGES): \u00b120 V<\/p>\n<\/li>\n<li data-start=\"499\" data-end=\"544\">\n<p data-start=\"501\" data-end=\"544\">T\u1ed1c \u0111\u1ed9 \u0111\u00f3ng c\u1eaft: nhanh, ho\u1ea1t \u0111\u1ed9ng \u1ed5n \u0111\u1ecbnh<\/p>\n<\/li>\n<li data-start=\"545\" data-end=\"581\">\n<p data-start=\"547\" data-end=\"581\">Ph\u00f9 h\u1ee3p t\u1ea7n s\u1ed1 trung b\u00ecnh v\u00e0 cao<\/p>\n<\/li>\n<li data-start=\"582\" data-end=\"624\">\n<p data-start=\"584\" data-end=\"624\">\u0110\u00f3ng g\u00f3i: TO-247<\/p>\n<\/li>\n<li data-start=\"625\" data-end=\"671\">\n<p data-start=\"627\" data-end=\"671\">Nh\u00e2n IC: nh\u00e2n to, ch\u1ecbu t\u1ea3i t\u1ed1t, \u0111\u1ed9 b\u1ec1n cao<\/p>\n<\/li>\n<\/ul>\n<\/li>\n<\/ul>\n","protected":false},"featured_media":335,"comment_status":"open","ping_status":"closed","template":"","meta":[],"product_brand":[],"product_cat":[44],"product_tag":[45],"class_list":{"0":"post-330","1":"product","2":"type-product","3":"status-publish","4":"has-post-thumbnail","6":"product_cat-igbt","7":"product_tag-igbt","9":"first","10":"instock","11":"shipping-taxable","12":"purchasable","13":"product-type-simple"},"jetpack_sharing_enabled":true,"_links":{"self":[{"href":"https:\/\/dientuhd.com\/index.php\/wp-json\/wp\/v2\/product\/330","targetHints":{"allow":["GET"]}}],"collection":[{"href":"https:\/\/dientuhd.com\/index.php\/wp-json\/wp\/v2\/product"}],"about":[{"href":"https:\/\/dientuhd.com\/index.php\/wp-json\/wp\/v2\/types\/product"}],"replies":[{"embeddable":true,"href":"https:\/\/dientuhd.com\/index.php\/wp-json\/wp\/v2\/comments?post=330"}],"wp:featuredmedia":[{"embeddable":true,"href":"https:\/\/dientuhd.com\/index.php\/wp-json\/wp\/v2\/media\/335"}],"wp:attachment":[{"href":"https:\/\/dientuhd.com\/index.php\/wp-json\/wp\/v2\/media?parent=330"}],"wp:term":[{"taxonomy":"product_brand","embeddable":true,"href":"https:\/\/dientuhd.com\/index.php\/wp-json\/wp\/v2\/product_brand?post=330"},{"taxonomy":"product_cat","embeddable":true,"href":"https:\/\/dientuhd.com\/index.php\/wp-json\/wp\/v2\/product_cat?post=330"},{"taxonomy":"product_tag","embeddable":true,"href":"https:\/\/dientuhd.com\/index.php\/wp-json\/wp\/v2\/product_tag?post=330"}],"curies":[{"name":"wp","href":"https:\/\/api.w.org\/{rel}","templated":true}]}}