{"id":339,"date":"2026-01-16T01:18:49","date_gmt":"2026-01-16T01:18:49","guid":{"rendered":"https:\/\/dientuhd.com\/?post_type=product&#038;p=339"},"modified":"2026-03-05T07:40:24","modified_gmt":"2026-03-05T07:40:24","slug":"40n120-thao-may-chu-mo","status":"publish","type":"product","link":"https:\/\/dientuhd.com\/index.php\/san-pham\/40n120-thao-may-chu-mo\/","title":{"rendered":"40N120 Th\u00e1o m\u00e1y (ch\u1eef m\u1edd)"},"content":{"rendered":"<ul data-start=\"289\" data-end=\"713\">\n<li data-start=\"289\" data-end=\"313\">\n<p data-start=\"108\" data-end=\"176\">IC 40N120 \u2013 IGBT c\u00f4ng su\u1ea5t cao TO-247 (nh\u00e2n to, th\u00e1o m\u00e1y ch\u00ednh h\u00e3ng)<\/p>\n<ul data-start=\"178\" data-end=\"559\">\n<li data-start=\"178\" data-end=\"202\">\n<p data-start=\"180\" data-end=\"202\">M\u00e3 linh ki\u1ec7n: 40N120<\/p>\n<\/li>\n<li data-start=\"203\" data-end=\"237\">\n<p data-start=\"205\" data-end=\"237\">Lo\u1ea1i linh ki\u1ec7n: IGBT c\u00f4ng su\u1ea5t<\/p>\n<\/li>\n<li data-start=\"238\" data-end=\"282\">\n<p data-start=\"240\" data-end=\"282\">\u0110i\u1ec7n \u00e1p Collector\u2013Emitter (VCES): 1200 V<\/p>\n<\/li>\n<li data-start=\"283\" data-end=\"319\">\n<p data-start=\"285\" data-end=\"319\">D\u00f2ng Collector t\u1ed1i \u0111a (IC): 40 A<\/p>\n<\/li>\n<li data-start=\"320\" data-end=\"358\">\n<p data-start=\"322\" data-end=\"358\">\u0110i\u1ec7n \u00e1p Gate\u2013Emitter (VGES): \u00b120 V<\/p>\n<\/li>\n<li data-start=\"359\" data-end=\"404\">\n<p data-start=\"361\" data-end=\"404\">T\u1ed1c \u0111\u1ed9 \u0111\u00f3ng c\u1eaft: nhanh, ho\u1ea1t \u0111\u1ed9ng \u1ed5n \u0111\u1ecbnh<\/p>\n<\/li>\n<li data-start=\"405\" data-end=\"461\">\n<p data-start=\"407\" data-end=\"461\">Ph\u00f9 h\u1ee3p m\u1ea1ch c\u00f4ng su\u1ea5t l\u1edbn, t\u1ea7n s\u1ed1 trung b\u00ecnh v\u00e0 cao<\/p>\n<\/li>\n<li data-start=\"462\" data-end=\"512\">\n<p data-start=\"464\" data-end=\"512\">\u0110\u00f3ng g\u00f3i: TO-247<\/p>\n<\/li>\n<li data-start=\"513\" data-end=\"559\">\n<p data-start=\"515\" data-end=\"559\">Nh\u00e2n IC: nh\u00e2n to, ch\u1ecbu t\u1ea3i cao, \u0111\u1ed9 b\u1ec1n t\u1ed1t<\/p>\n<\/li>\n<\/ul>\n<p data-start=\"561\" data-end=\"569\">\u1ee8ng d\u1ee5ng<\/p>\n<ul data-start=\"571\" data-end=\"702\">\n<li data-start=\"571\" data-end=\"599\">\n<p data-start=\"573\" data-end=\"599\">Ngu\u1ed3n xung c\u00f4ng su\u1ea5t l\u1edbn<\/p>\n<\/li>\n<li data-start=\"600\" data-end=\"637\">\n<p data-start=\"602\" data-end=\"637\">Inverter, k\u00edch \u0111i\u1ec7n c\u00f4ng su\u1ea5t cao<\/p>\n<\/li>\n<li data-start=\"638\" data-end=\"661\">\n<p data-start=\"640\" data-end=\"661\">M\u00e1y h\u00e0n, m\u00e1y plasma<\/p>\n<\/li>\n<li data-start=\"662\" data-end=\"677\">\n<p data-start=\"664\" data-end=\"677\">M\u1ea1ch cao \u00e1p<\/p>\n<\/li>\n<li data-start=\"678\" data-end=\"702\">\n<p data-start=\"680\" data-end=\"702\">Thi\u1ebft b\u1ecb c\u00f4ng nghi\u1ec7p<\/p>\n<\/li>\n<\/ul>\n<p data-start=\"704\" data-end=\"723\">T\u00ecnh tr\u1ea1ng h\u00e0ng h\u00f3a<\/p>\n<ul data-start=\"725\" data-end=\"932\">\n<li data-start=\"725\" data-end=\"753\">\n<p data-start=\"727\" data-end=\"753\">H\u00e0ng th\u00e1o m\u00e1y ch\u00ednh h\u00e3ng<\/p>\n<\/li>\n<li data-start=\"754\" data-end=\"803\">\n<p data-start=\"756\" data-end=\"803\">Kh\u00f4ng ph\u1ea3i h\u00e0ng tr\u00f4i n\u1ed5i, kh\u00f4ng ph\u1ea3i h\u00e0ng gi\u1ea3<\/p>\n<\/li>\n<li data-start=\"804\" data-end=\"846\">\n<p data-start=\"806\" data-end=\"846\">Ngo\u1ea1i h\u00ecnh c\u00f2n t\u1ed1t, ch\u00e2n th\u1eb3ng, d\u1ec5 h\u00e0n<\/p>\n<\/li>\n<li data-start=\"847\" data-end=\"884\">\n<p data-start=\"849\" data-end=\"884\">\u0110\u00e3 \u0111\u01b0\u1ee3c ki\u1ec3m tra k\u1ef9 tr\u01b0\u1edbc khi b\u00e1n<\/p>\n<\/li>\n<li data-start=\"885\" data-end=\"932\">\n<p data-start=\"887\" data-end=\"932\">\u0110\u1ea3m b\u1ea3o ho\u1ea1t \u0111\u1ed9ng \u1ed5n \u0111\u1ecbnh khi l\u1eafp \u0111\u00fang m\u1ea1ch<\/p>\n<\/li>\n<\/ul>\n<p data-start=\"934\" data-end=\"941\">Cam k\u1ebft<\/p>\n<ul data-start=\"943\" data-end=\"1063\">\n<li data-start=\"943\" data-end=\"961\">\n<p data-start=\"945\" data-end=\"961\">\u0110\u00fang m\u00e3 40N120<\/p>\n<\/li>\n<li data-start=\"962\" data-end=\"994\">\n<p data-start=\"964\" data-end=\"994\">\u0110\u00fang lo\u1ea1i <strong data-start=\"974\" data-end=\"992\">TO-247 nh\u00e2n to<\/strong><\/p>\n<\/li>\n<li data-start=\"995\" data-end=\"1024\">\n<p data-start=\"997\" data-end=\"1024\">Th\u00f4ng s\u1ed1 chu\u1ea9n IGBT 1200V<\/p>\n<\/li>\n<li data-start=\"1025\" data-end=\"1063\">\n<p data-start=\"1027\" data-end=\"1063\">Test t\u1eebng linh ki\u1ec7n tr\u01b0\u1edbc khi giao<\/p>\n<\/li>\n<\/ul>\n<\/li>\n<\/ul>\n","protected":false},"excerpt":{"rendered":"<ul data-start=\"289\" data-end=\"713\">\n<li data-start=\"289\" data-end=\"313\">\n<ul data-start=\"289\" data-end=\"713\">\n<li data-start=\"289\" data-end=\"313\">\n<ul data-start=\"289\" data-end=\"713\">\n<li data-start=\"289\" data-end=\"313\">\n<p data-start=\"108\" data-end=\"176\">IC 40N120 \u2013 IGBT c\u00f4ng su\u1ea5t cao TO-247 (nh\u00e2n to, th\u00e1o m\u00e1y ch\u00ednh h\u00e3ng)<\/p>\n<ul data-start=\"178\" data-end=\"559\">\n<li data-start=\"178\" data-end=\"202\">\n<p data-start=\"180\" data-end=\"202\">M\u00e3 linh ki\u1ec7n: 40N120<\/p>\n<\/li>\n<li data-start=\"203\" data-end=\"237\">\n<p data-start=\"205\" data-end=\"237\">Lo\u1ea1i linh ki\u1ec7n: IGBT c\u00f4ng su\u1ea5t<\/p>\n<\/li>\n<li data-start=\"238\" data-end=\"282\">\n<p data-start=\"240\" data-end=\"282\">\u0110i\u1ec7n \u00e1p Collector\u2013Emitter (VCES): 1200 V<\/p>\n<\/li>\n<li data-start=\"283\" data-end=\"319\">\n<p data-start=\"285\" data-end=\"319\">D\u00f2ng Collector t\u1ed1i \u0111a (IC): 40 A<\/p>\n<\/li>\n<li data-start=\"320\" data-end=\"358\">\n<p data-start=\"322\" data-end=\"358\">\u0110i\u1ec7n \u00e1p Gate\u2013Emitter (VGES): \u00b120 V<\/p>\n<\/li>\n<li data-start=\"359\" data-end=\"404\">\n<p data-start=\"361\" data-end=\"404\">T\u1ed1c \u0111\u1ed9 \u0111\u00f3ng c\u1eaft: nhanh, ho\u1ea1t \u0111\u1ed9ng \u1ed5n \u0111\u1ecbnh<\/p>\n<\/li>\n<li data-start=\"405\" data-end=\"461\">\n<p data-start=\"407\" data-end=\"461\">Ph\u00f9 h\u1ee3p m\u1ea1ch c\u00f4ng su\u1ea5t l\u1edbn, t\u1ea7n s\u1ed1 trung b\u00ecnh v\u00e0 cao<\/p>\n<\/li>\n<li data-start=\"462\" data-end=\"512\">\n<p data-start=\"464\" data-end=\"512\">\u0110\u00f3ng g\u00f3i: TO-247<\/p>\n<\/li>\n<li data-start=\"513\" data-end=\"559\">\n<p data-start=\"515\" data-end=\"559\">Nh\u00e2n IC: nh\u00e2n to, ch\u1ecbu t\u1ea3i cao, \u0111\u1ed9 b\u1ec1n t\u1ed1t<\/p>\n<\/li>\n<\/ul>\n<\/li>\n<\/ul>\n<\/li>\n<\/ul>\n<\/li>\n<\/ul>\n","protected":false},"featured_media":342,"comment_status":"open","ping_status":"closed","template":"","meta":[],"product_brand":[],"product_cat":[44],"product_tag":[45],"class_list":{"0":"post-339","1":"product","2":"type-product","3":"status-publish","4":"has-post-thumbnail","6":"product_cat-igbt","7":"product_tag-igbt","9":"first","10":"instock","11":"shipping-taxable","12":"purchasable","13":"product-type-simple"},"jetpack_sharing_enabled":true,"_links":{"self":[{"href":"https:\/\/dientuhd.com\/index.php\/wp-json\/wp\/v2\/product\/339","targetHints":{"allow":["GET"]}}],"collection":[{"href":"https:\/\/dientuhd.com\/index.php\/wp-json\/wp\/v2\/product"}],"about":[{"href":"https:\/\/dientuhd.com\/index.php\/wp-json\/wp\/v2\/types\/product"}],"replies":[{"embeddable":true,"href":"https:\/\/dientuhd.com\/index.php\/wp-json\/wp\/v2\/comments?post=339"}],"wp:featuredmedia":[{"embeddable":true,"href":"https:\/\/dientuhd.com\/index.php\/wp-json\/wp\/v2\/media\/342"}],"wp:attachment":[{"href":"https:\/\/dientuhd.com\/index.php\/wp-json\/wp\/v2\/media?parent=339"}],"wp:term":[{"taxonomy":"product_brand","embeddable":true,"href":"https:\/\/dientuhd.com\/index.php\/wp-json\/wp\/v2\/product_brand?post=339"},{"taxonomy":"product_cat","embeddable":true,"href":"https:\/\/dientuhd.com\/index.php\/wp-json\/wp\/v2\/product_cat?post=339"},{"taxonomy":"product_tag","embeddable":true,"href":"https:\/\/dientuhd.com\/index.php\/wp-json\/wp\/v2\/product_tag?post=339"}],"curies":[{"name":"wp","href":"https:\/\/api.w.org\/{rel}","templated":true}]}}